{"id":550,"date":"2018-10-30T13:40:59","date_gmt":"2018-10-30T13:40:59","guid":{"rendered":"https:\/\/leilabock.ch\/?page_id=550"},"modified":"2022-06-02T08:57:47","modified_gmt":"2022-06-02T08:57:47","slug":"geiler-block-rotmonten","status":"publish","type":"page","link":"https:\/\/leilabock.ch\/index.php\/geiler-block-rotmonten\/","title":{"rendered":"Geiler Block Rotmonten"},"content":{"rendered":"<p>[et_pb_section fb_built=&#8220;1&#8243; admin_label=&#8220;Hero&#8220; _builder_version=&#8220;4.17.4&#8243; global_colors_info=&#8220;{}&#8220;][et_pb_row _builder_version=&#8220;4.16&#8243; animation_direction=&#8220;top&#8220; global_colors_info=&#8220;{}&#8220;][et_pb_column type=&#8220;4_4&#8243; _builder_version=&#8220;4.16&#8243; custom_padding=&#8220;|||&#8220; global_colors_info=&#8220;{}&#8220; custom_padding__hover=&#8220;|||&#8220;][et_pb_text admin_label=&#8220;Titel Rotmonten&#8220; _builder_version=&#8220;4.17.4&#8243; locked=&#8220;off&#8220; global_colors_info=&#8220;{}&#8220;]<\/p>\n<h1>DER GEILE BLOCK ROTMONTEN<\/h1>\n<p>[\/et_pb_text][et_pb_text admin_label=&#8220;Titel Jahr&#8220; _builder_version=&#8220;4.17.4&#8243; header_font=&#8220;Montserrat|700||on|||||dotted&#8220; header_text_color=&#8220;#353740&#8243; header_font_size=&#8220;60px&#8220; header_line_height=&#8220;1.3em&#8220; background_size=&#8220;initial&#8220; background_position=&#8220;top_left&#8220; background_repeat=&#8220;repeat&#8220; custom_margin=&#8220;-6px||-1px|&#8220; animation_style=&#8220;fade&#8220; header_font_size_last_edited=&#8220;off|desktop&#8220; global_colors_info=&#8220;{}&#8220;]<\/p>\n<h2>2015<\/h2>\n<p>[\/et_pb_text][et_pb_text admin_label=&#8220;Titel Projekt&#8220; _builder_version=&#8220;4.17.4&#8243; header_font=&#8220;Montserrat|700||on|||||dotted&#8220; header_text_color=&#8220;#353740&#8243; header_font_size=&#8220;60px&#8220; header_line_height=&#8220;1.3em&#8220; background_size=&#8220;initial&#8220; background_position=&#8220;top_left&#8220; background_repeat=&#8220;repeat&#8220; custom_margin=&#8220;-6px||-1px|&#8220; animation_style=&#8220;fade&#8220; header_font_size_last_edited=&#8220;off|desktop&#8220; global_colors_info=&#8220;{}&#8220;]<\/p>\n<h2>Ein Projekt von LEILA BOCK<\/h2>\n<p>&nbsp;<\/p>\n<p>[\/et_pb_text][et_pb_text _builder_version=&#8220;4.17.4&#8243; global_colors_info=&#8220;{}&#8220;]<\/p>\n<div class=\"page\" title=\"Page 1\">\n<div class=\"layoutArea\">\n<div class=\"column\">\n<div class=\"page\" title=\"Page 1\">\n<div class=\"layoutArea\">\n<div class=\"column\">\n<p>Ich werde h\u00e4ufig gefragt &#8211; warum Geiler Block, und\u00a0dann noch dazu noch diese belastete Schrift, die f\u00fcr Irritation sorgt. Zum Ersten: Einfach weil es ein Geiler Block ist. Der sch\u00f6nste Block in Rotmonten. Und schon seit sieben Jahren steht er leider leer.<br \/>Geil &#8211; Komisch ist, dass schon die Verwendung eines Wortes aus der Umgangssprache eine Grenz\u00fcberschreitung darstellt.<\/p>\n<p>Die Schrift f\u00fcr die Flyer &#8211; ist eine Frakturaschrift<br \/>&#8211; die wurden im letzten Jahrhundert von schweren Zeiten gepr\u00e4gt &#8211; dabei sind sie so sch\u00f6n! Es sind sehr zeichnerische Schriftzeichen &#8211; K\u00f6rper und Form. Ich m\u00f6chte die Fraktrua gerne wieder mit einem neuen Umgang aufladen. K\u00f6rper und Form. Mit dem neuen &#8222;Verwenden&#8220; k\u00f6nnen wir ihr zu einem neuen Start in der unbeschwerten Welt verhelfen. Das k\u00f6nnen wir nur durch deren Verwendung in dem Sinne tun. zb einen blumenladen so anschreiben.<\/p>\n<p>frohe aussicht im geilen block<br \/>Ich wollte mit dem Block &#8211; einen Ort schaffen, wo Kunst passieren kann. Wo sich Welten zeigen. Die Welten der K\u00fcnstler. Wo sich K\u00fcnstler treffen, die eine ganz spannende Arbeit machen. Alle sind mit einer ganz aktuellen Position unterwegs. Unser Block hat etwas Besonderes m\u00f6glich gemacht, n\u00e4mlich &#8211; weil er \u00fcber so viele Zimmer verf\u00fcgt, dass ich die R\u00e4ume so verteilen konnte, dass die verschiedenen Welten nebeneinander sichtbar sind. Kunst braucht nur Kunst.<\/p>\n<p>Und es g\u00e4be noch viel mehr K\u00fcnstler in der Stadt, die ich h\u00e4tte einladen k\u00f6nnen. Falls sie einen leeren Block besitzen, \u00fcbergeben sie ihn doch der Leila. K\u00fcnstlerisches Schaffen ist immer irgendwie &#8222;Arbeiten mit Herzblut&#8220;. Ich kenne wenige die von der Kunst leben k\u00f6nnen. Ich zum Beispiel bin eine typische Herzblutk\u00fcnstlerin.<\/p>\n<p>Leila Bock<br \/>Kunst braucht vor allen Kunst &#8211; meint Leila Bock. Darum hat sie diese Arbeit gemacht. Die K\u00fcnstlerin Anita Zimmermann hat Leila Bock erschaffen, die Leila hat Anita Zimmermann in die Ausstellung eingeladen. Und alle anderen K\u00fcnstler auch. Wohl doch eine Sekte?<br \/>Eigentlich w\u00fcnsche ich mir immer noch eine Jahresausstellung hier in der Stadt. Diese m\u00fcsste eigentlich genau so aussehen. Das w\u00fcnsche ich allen K\u00fcnstlern die auch wirklich hier leben. Kunst gedeiht nur wenn man die Arbeiten zeigen kann. Und Kunst<br \/>braucht eben nur Kunst und M\u00f6glichkeiten und Vernetzung.<br \/>Hier in der Frohen Aussicht sind 37 verschiedene Welten.<br \/>F\u00fcr diese Ausstellung habe ich ein bisschen Geld erhalten f\u00fcr ein paar wichtige Anschaffungen. Die K\u00fcnstler haben aber alle gratis mitgearbeitet und haben alles hergebracht, damit die ganze Show gut funktioniert.<\/p>\n<\/div>\n<\/div>\n<\/div>\n<\/div>\n<\/div>\n<\/div>\n<p>[\/et_pb_text][\/et_pb_column][\/et_pb_row][\/et_pb_section][et_pb_section fb_built=&#8220;1&#8243; admin_label=&#8220;Blog Section&#8220; _builder_version=&#8220;4.17.4&#8243; global_colors_info=&#8220;{}&#8220;][et_pb_row admin_label=&#8220;Blog Area&#8220; _builder_version=&#8220;4.17.4&#8243; use_custom_width=&#8220;on&#8220; width_unit=&#8220;off&#8220; global_colors_info=&#8220;{}&#8220;][et_pb_column type=&#8220;4_4&#8243; _builder_version=&#8220;4.16&#8243; custom_padding=&#8220;|||&#8220; global_colors_info=&#8220;{}&#8220; custom_padding__hover=&#8220;|||&#8220;][et_pb_text admin_label=&#8220;Titel Beteiligte&#8220; _builder_version=&#8220;4.17.4&#8243; global_colors_info=&#8220;{}&#8220;]<\/p>\n<h2>Beteiligte<\/h2>\n<p>[\/et_pb_text][\/et_pb_column][\/et_pb_row][et_pb_row column_structure=&#8220;1_3,1_3,1_3&#8243; _builder_version=&#8220;4.17.4&#8243; background_size=&#8220;initial&#8220; background_position=&#8220;top_left&#8220; background_repeat=&#8220;repeat&#8220; global_colors_info=&#8220;{}&#8220;][et_pb_column type=&#8220;1_3&#8243; _builder_version=&#8220;4.16&#8243; custom_padding=&#8220;|||&#8220; global_colors_info=&#8220;{}&#8220; custom_padding__hover=&#8220;|||&#8220;][et_pb_text admin_label=&#8220;Titel Kunstschaffende:&#8220; _builder_version=&#8220;4.17.4&#8243; global_colors_info=&#8220;{}&#8220;]<\/p>\n<h3>Kunstschaffende<\/h3>\n<p>[\/et_pb_text][et_pb_text _builder_version=&#8220;4.16&#8243; global_colors_info=&#8220;{}&#8220;]<\/p>\n<div class=\"et_pb_column et_pb_column_4_4 et_pb_column_0 et_pb_css_mix_blend_mode_passthrough et-last-child\">\n<div class=\"et_pb_module et_pb_text et_pb_text_0 et_animated et_pb_bg_layout_light et_pb_text_align_left fade\">\n<div class=\"et_pb_text_inner\">\n<p>Agatha Zobrist<br \/> Alex Hanimann<br \/> Andrea Vogel<br \/> Andy Guhl<br \/> Anita Zimmermann<br \/> Beatrice D\u00f6rig<br \/> Birgit Widmer<br \/> Chantal Hoefs<br \/> Christl Mudrak<br \/> Claudio B\u00e4ggli<br \/> Co Gr\u00fcndler<br \/> Elisabeth Nembrini<br \/> Elke Graalfs<br \/> Frank Keller<br \/> Fridolin Schoch<br \/> Georgette Maag<br \/> Germann\/Lorenzi<br \/> Glenda Lorenzi<br \/> Josef Felix M\u00fcller<br \/> Karin Karinna B\u00fchler<br \/> Katalin Deer<br \/> Marianne Rinderknecht<br \/> Marlies Pekarek<br \/> Peter Dew<br \/> Roland Iselin<br \/> Rolf Graf<br \/> Sandra K\u00fchne<br \/> Silke Toss<br \/> Stefan Inauen<br \/> Stefan Rohner<br \/> Susanne Hofer<br \/> Sven B\u00f6siger<br \/> Teresa Peverelli<br \/> Thomas St\u00fcssi<br \/> Vera Ida M\u00fcller<br \/> Werner Widmer<br \/> Zeljka Marusic<\/p>\n<\/div>\n<\/div>\n<\/div>\n<p>[\/et_pb_text][\/et_pb_column][et_pb_column type=&#8220;1_3&#8243; _builder_version=&#8220;4.16&#8243; custom_padding=&#8220;|||&#8220; global_colors_info=&#8220;{}&#8220; custom_padding__hover=&#8220;|||&#8220;][\/et_pb_column][et_pb_column type=&#8220;1_3&#8243; _builder_version=&#8220;4.16&#8243; custom_padding=&#8220;|||&#8220; global_colors_info=&#8220;{}&#8220; custom_padding__hover=&#8220;|||&#8220;][et_pb_text admin_label=&#8220;Titel Schn\u00f6rkelvortragende&#8220; _builder_version=&#8220;4.17.4&#8243; global_colors_info=&#8220;{}&#8220;]<\/p>\n<h3><span>Schn\u00f6rkelvortragende<\/span><\/h3>\n<p>[\/et_pb_text][et_pb_text _builder_version=&#8220;4.16&#8243; global_colors_info=&#8220;{}&#8220;]<\/p>\n<p>Agatha Nisple<br \/>Kristin Schmidt<br \/>Nadia Veronese<br \/>Jordanis Theodoridis<br \/>Roland W\u00e4spe<br \/>Marcel Elsener<br \/>Marina Sch\u00fctz<br \/>Ueli Vogt<br \/>Josef Felix M\u00fcller<br \/>Lorenzo Benedetti<br \/>Margrit B\u00fcrer<br \/>Isabelle Chappuis<br \/>Hanspeter Sp\u00f6rri<\/p>\n<p>&nbsp;<\/p>\n<p>&nbsp;<\/p>\n<p>[\/et_pb_text][\/et_pb_column][\/et_pb_row][et_pb_row _builder_version=&#8220;4.17.4&#8243; background_size=&#8220;initial&#8220; background_position=&#8220;top_left&#8220; background_repeat=&#8220;repeat&#8220; global_colors_info=&#8220;{}&#8220;][et_pb_column type=&#8220;4_4&#8243; _builder_version=&#8220;4.16&#8243; custom_padding=&#8220;|||&#8220; global_colors_info=&#8220;{}&#8220; custom_padding__hover=&#8220;|||&#8220;][et_pb_divider _builder_version=&#8220;4.16&#8243; global_colors_info=&#8220;{}&#8220;]&nbsp;<br \/>\n[\/et_pb_divider][\/et_pb_column][\/et_pb_row][\/et_pb_section][et_pb_section fb_built=&#8220;1&#8243; _builder_version=&#8220;4.16&#8243; global_colors_info=&#8220;{}&#8220;][et_pb_row module_class=&#8220; et_pb_row_fullwidth&#8220; _builder_version=&#8220;4.16&#8243; background_color=&#8220;#ffffff&#8220; width=&#8220;89%&#8220; width_tablet=&#8220;80%&#8220; width_phone=&#8220;&#8220; width_last_edited=&#8220;on|desktop&#8220; max_width=&#8220;89%&#8220; max_width_tablet=&#8220;80%&#8220; max_width_phone=&#8220;&#8220; max_width_last_edited=&#8220;on|desktop&#8220; make_fullwidth=&#8220;on&#8220; global_colors_info=&#8220;{}&#8220;][et_pb_column type=&#8220;4_4&#8243; _builder_version=&#8220;4.16&#8243; custom_padding=&#8220;|||&#8220; global_colors_info=&#8220;{}&#8220; custom_padding__hover=&#8220;|||&#8220;][et_pb_gallery gallery_ids=&#8220;575,388,1225,1224,1223,1222,1221,1220,1219,1218,1217,1216,1215,1214,1213,1212,1211,1210,1209,1208,1207,1206,1205,1204,1203,1202,1201,1200,1199,1198,1197,1196,1195,1194,1193,1192,1191,1190,1189,1188,1187,1186,1185,1184,1183,1182,1181,1180,1179,1178,1177,1176,1175,1174,1173,1172,1171,1170,1169,1168,1167,1166,1165,1164,1163,1162,1161,1160,1159,1158,1157,1156,1155,1154,1153,1152,1151,1150,1149,1148,1147,1146,1145,1144,1143,1142,1141,1140,1139,1138,1137,1136,1135&#8243; _builder_version=&#8220;4.17.4&#8243; _module_preset=&#8220;ddd8b835-678d-45f6-83e3-9d2da4e1b67d&#8220; global_colors_info=&#8220;{}&#8220; posts_number=&#8220;100&#8243; hover_enabled=&#8220;0&#8243; sticky_enabled=&#8220;0&#8243;][\/et_pb_gallery][\/et_pb_column][\/et_pb_row][\/et_pb_section]<\/p>\n","protected":false},"excerpt":{"rendered":"<p>DER GEILE BLOCK ROTMONTEN2015Ein Projekt von LEILA BOCK &nbsp; Ich werde h\u00e4ufig gefragt &#8211; warum Geiler Block, und\u00a0dann noch dazu noch diese belastete Schrift, die f\u00fcr Irritation sorgt. Zum Ersten: Einfach weil es ein Geiler Block ist. Der sch\u00f6nste Block in Rotmonten. Und schon seit sieben Jahren steht er leider leer.Geil &#8211; Komisch ist, dass [&hellip;]<\/p>\n","protected":false},"author":1,"featured_media":0,"parent":0,"menu_order":0,"comment_status":"closed","ping_status":"closed","template":"","meta":{"_et_pb_use_builder":"on","_et_pb_old_content":"","_et_gb_content_width":"","footnotes":""},"class_list":["post-550","page","type-page","status-publish","hentry"],"yoast_head":"<!-- This site is optimized with the Yoast SEO plugin v27.4 - https:\/\/yoast.com\/product\/yoast-seo-wordpress\/ -->\n<title>Geiler Block Rotmonten &#8211; Leila Bocks Projekte<\/title>\n<meta name=\"robots\" content=\"index, follow, max-snippet:-1, max-image-preview:large, max-video-preview:-1\" \/>\n<link rel=\"canonical\" href=\"https:\/\/leilabock.ch\/index.php\/geiler-block-rotmonten\/\" \/>\n<meta property=\"og:locale\" content=\"de_DE\" \/>\n<meta property=\"og:type\" content=\"article\" \/>\n<meta property=\"og:title\" content=\"Geiler Block Rotmonten &#8211; Leila Bocks Projekte\" \/>\n<meta property=\"og:description\" content=\"DER GEILE BLOCK ROTMONTEN2015Ein Projekt von LEILA BOCK &nbsp; Ich werde h\u00e4ufig gefragt - warum Geiler Block, und\u00a0dann noch dazu noch diese belastete Schrift, die f\u00fcr Irritation sorgt. Zum Ersten: Einfach weil es ein Geiler Block ist. Der sch\u00f6nste Block in Rotmonten. Und schon seit sieben Jahren steht er leider leer.Geil - Komisch ist, dass [&hellip;]\" \/>\n<meta property=\"og:url\" content=\"https:\/\/leilabock.ch\/index.php\/geiler-block-rotmonten\/\" \/>\n<meta property=\"og:site_name\" content=\"Leila Bocks Projekte\" \/>\n<meta property=\"article:modified_time\" content=\"2022-06-02T08:57:47+00:00\" \/>\n<meta name=\"twitter:card\" content=\"summary_large_image\" \/>\n<meta name=\"twitter:label1\" content=\"Gesch\u00e4tzte Lesezeit\" \/>\n\t<meta name=\"twitter:data1\" content=\"5\u00a0Minuten\" \/>\n<script type=\"application\/ld+json\" class=\"yoast-schema-graph\">{\"@context\":\"https:\\\/\\\/schema.org\",\"@graph\":[{\"@type\":\"WebPage\",\"@id\":\"https:\\\/\\\/leilabock.ch\\\/index.php\\\/geiler-block-rotmonten\\\/\",\"url\":\"https:\\\/\\\/leilabock.ch\\\/index.php\\\/geiler-block-rotmonten\\\/\",\"name\":\"Geiler Block Rotmonten &#8211; Leila Bocks Projekte\",\"isPartOf\":{\"@id\":\"https:\\\/\\\/leilabock.ch\\\/#website\"},\"datePublished\":\"2018-10-30T13:40:59+00:00\",\"dateModified\":\"2022-06-02T08:57:47+00:00\",\"breadcrumb\":{\"@id\":\"https:\\\/\\\/leilabock.ch\\\/index.php\\\/geiler-block-rotmonten\\\/#breadcrumb\"},\"inLanguage\":\"de\",\"potentialAction\":[{\"@type\":\"ReadAction\",\"target\":[\"https:\\\/\\\/leilabock.ch\\\/index.php\\\/geiler-block-rotmonten\\\/\"]}]},{\"@type\":\"BreadcrumbList\",\"@id\":\"https:\\\/\\\/leilabock.ch\\\/index.php\\\/geiler-block-rotmonten\\\/#breadcrumb\",\"itemListElement\":[{\"@type\":\"ListItem\",\"position\":1,\"name\":\"Startseite\",\"item\":\"https:\\\/\\\/leilabock.ch\\\/\"},{\"@type\":\"ListItem\",\"position\":2,\"name\":\"Geiler Block Rotmonten\"}]},{\"@type\":\"WebSite\",\"@id\":\"https:\\\/\\\/leilabock.ch\\\/#website\",\"url\":\"https:\\\/\\\/leilabock.ch\\\/\",\"name\":\"Leila Bocks Projekte\",\"description\":\"\",\"publisher\":{\"@id\":\"https:\\\/\\\/leilabock.ch\\\/#\\\/schema\\\/person\\\/114aad5f412545ab9aa63d24413b0250\"},\"potentialAction\":[{\"@type\":\"SearchAction\",\"target\":{\"@type\":\"EntryPoint\",\"urlTemplate\":\"https:\\\/\\\/leilabock.ch\\\/?s={search_term_string}\"},\"query-input\":{\"@type\":\"PropertyValueSpecification\",\"valueRequired\":true,\"valueName\":\"search_term_string\"}}],\"inLanguage\":\"de\"},{\"@type\":[\"Person\",\"Organization\"],\"@id\":\"https:\\\/\\\/leilabock.ch\\\/#\\\/schema\\\/person\\\/114aad5f412545ab9aa63d24413b0250\",\"name\":\"Anita Zimmermann\",\"logo\":{\"@id\":\"https:\\\/\\\/leilabock.ch\\\/#\\\/schema\\\/person\\\/image\\\/\"},\"sameAs\":[\"http:\\\/\\\/leilabock.ch\"]}]}<\/script>\n<!-- \/ Yoast SEO plugin. -->","yoast_head_json":{"title":"Geiler Block Rotmonten &#8211; Leila Bocks Projekte","robots":{"index":"index","follow":"follow","max-snippet":"max-snippet:-1","max-image-preview":"max-image-preview:large","max-video-preview":"max-video-preview:-1"},"canonical":"https:\/\/leilabock.ch\/index.php\/geiler-block-rotmonten\/","og_locale":"de_DE","og_type":"article","og_title":"Geiler Block Rotmonten &#8211; Leila Bocks Projekte","og_description":"DER GEILE BLOCK ROTMONTEN2015Ein Projekt von LEILA BOCK &nbsp; Ich werde h\u00e4ufig gefragt - warum Geiler Block, und\u00a0dann noch dazu noch diese belastete Schrift, die f\u00fcr Irritation sorgt. Zum Ersten: Einfach weil es ein Geiler Block ist. Der sch\u00f6nste Block in Rotmonten. Und schon seit sieben Jahren steht er leider leer.Geil - Komisch ist, dass [&hellip;]","og_url":"https:\/\/leilabock.ch\/index.php\/geiler-block-rotmonten\/","og_site_name":"Leila Bocks Projekte","article_modified_time":"2022-06-02T08:57:47+00:00","twitter_card":"summary_large_image","twitter_misc":{"Gesch\u00e4tzte Lesezeit":"5\u00a0Minuten"},"schema":{"@context":"https:\/\/schema.org","@graph":[{"@type":"WebPage","@id":"https:\/\/leilabock.ch\/index.php\/geiler-block-rotmonten\/","url":"https:\/\/leilabock.ch\/index.php\/geiler-block-rotmonten\/","name":"Geiler Block Rotmonten &#8211; Leila Bocks Projekte","isPartOf":{"@id":"https:\/\/leilabock.ch\/#website"},"datePublished":"2018-10-30T13:40:59+00:00","dateModified":"2022-06-02T08:57:47+00:00","breadcrumb":{"@id":"https:\/\/leilabock.ch\/index.php\/geiler-block-rotmonten\/#breadcrumb"},"inLanguage":"de","potentialAction":[{"@type":"ReadAction","target":["https:\/\/leilabock.ch\/index.php\/geiler-block-rotmonten\/"]}]},{"@type":"BreadcrumbList","@id":"https:\/\/leilabock.ch\/index.php\/geiler-block-rotmonten\/#breadcrumb","itemListElement":[{"@type":"ListItem","position":1,"name":"Startseite","item":"https:\/\/leilabock.ch\/"},{"@type":"ListItem","position":2,"name":"Geiler Block Rotmonten"}]},{"@type":"WebSite","@id":"https:\/\/leilabock.ch\/#website","url":"https:\/\/leilabock.ch\/","name":"Leila Bocks Projekte","description":"","publisher":{"@id":"https:\/\/leilabock.ch\/#\/schema\/person\/114aad5f412545ab9aa63d24413b0250"},"potentialAction":[{"@type":"SearchAction","target":{"@type":"EntryPoint","urlTemplate":"https:\/\/leilabock.ch\/?s={search_term_string}"},"query-input":{"@type":"PropertyValueSpecification","valueRequired":true,"valueName":"search_term_string"}}],"inLanguage":"de"},{"@type":["Person","Organization"],"@id":"https:\/\/leilabock.ch\/#\/schema\/person\/114aad5f412545ab9aa63d24413b0250","name":"Anita Zimmermann","logo":{"@id":"https:\/\/leilabock.ch\/#\/schema\/person\/image\/"},"sameAs":["http:\/\/leilabock.ch"]}]}},"_links":{"self":[{"href":"https:\/\/leilabock.ch\/index.php\/wp-json\/wp\/v2\/pages\/550","targetHints":{"allow":["GET"]}}],"collection":[{"href":"https:\/\/leilabock.ch\/index.php\/wp-json\/wp\/v2\/pages"}],"about":[{"href":"https:\/\/leilabock.ch\/index.php\/wp-json\/wp\/v2\/types\/page"}],"author":[{"embeddable":true,"href":"https:\/\/leilabock.ch\/index.php\/wp-json\/wp\/v2\/users\/1"}],"replies":[{"embeddable":true,"href":"https:\/\/leilabock.ch\/index.php\/wp-json\/wp\/v2\/comments?post=550"}],"version-history":[{"count":49,"href":"https:\/\/leilabock.ch\/index.php\/wp-json\/wp\/v2\/pages\/550\/revisions"}],"predecessor-version":[{"id":4371,"href":"https:\/\/leilabock.ch\/index.php\/wp-json\/wp\/v2\/pages\/550\/revisions\/4371"}],"wp:attachment":[{"href":"https:\/\/leilabock.ch\/index.php\/wp-json\/wp\/v2\/media?parent=550"}],"curies":[{"name":"wp","href":"https:\/\/api.w.org\/{rel}","templated":true}]}}