{"id":244,"date":"2018-08-10T12:11:19","date_gmt":"2018-08-10T12:11:19","guid":{"rendered":"https:\/\/leilabock.ch\/?page_id=244"},"modified":"2022-06-02T08:53:30","modified_gmt":"2022-06-02T08:53:30","slug":"geiler-block-trogen","status":"publish","type":"page","link":"https:\/\/leilabock.ch\/index.php\/geiler-block-trogen\/","title":{"rendered":"Geiler Block Trogen"},"content":{"rendered":"<p>[et_pb_section fb_built=&#8220;1&#8243; admin_label=&#8220;Hero&#8220; _builder_version=&#8220;4.16&#8243; background_blend=&#8220;multiply&#8220; custom_padding=&#8220;|||&#8220; global_colors_info=&#8220;{}&#8220;][et_pb_row _builder_version=&#8220;4.16&#8243; background_size=&#8220;initial&#8220; background_position=&#8220;top_left&#8220; background_repeat=&#8220;repeat&#8220; background_blend=&#8220;multiply&#8220; custom_padding=&#8220;|||&#8220; animation_direction=&#8220;top&#8220; global_colors_info=&#8220;{}&#8220;][et_pb_column type=&#8220;4_4&#8243; _builder_version=&#8220;4.16&#8243; custom_padding=&#8220;|||&#8220; global_colors_info=&#8220;{}&#8220; custom_padding__hover=&#8220;|||&#8220;][et_pb_text admin_label=&#8220;Titel Geiler Block Trogen&#8220; _builder_version=&#8220;4.17.4&#8243; locked=&#8220;off&#8220; global_colors_info=&#8220;{}&#8220;]<\/p>\n<h1>GEILER BLOCK TROGEN<\/h1>\n<p>[\/et_pb_text][et_pb_text _builder_version=&#8220;4.17.4&#8243; _module_preset=&#8220;default&#8220; global_colors_info=&#8220;{}&#8220;]<\/p>\n<h2>2017<\/h2>\n<p>[\/et_pb_text][et_pb_text _builder_version=&#8220;4.17.4&#8243; global_colors_info=&#8220;{}&#8220;]<\/p>\n<div class=\"page\" title=\"Page 1\">\n<div class=\"layoutArea\">\n<div class=\"column\">\n<div class=\"page\" title=\"Page 1\">\n<div class=\"layoutArea\">\n<div class=\"column\">\n<p>Ich freue mich, euch alle hier begr\u00fcssen zu d\u00fcrfen.<br \/>Ich sehe, dass sie Alle wieder da sind.<br \/>Herzlich willkommen im zweiten Geilen Block &#8211; der erste hat vor genau zwei Jahren &#8211; stattgefunden und einen riesigen Erfolg gefeiert. Es war das richtige zur richtigen Zeit. Und alle sind gekommen um zu schauen. die Leila Bock hat seither viele Fans. F\u00fcr diese und den ganzen Rest zeichne ich dieses Bild. Die Reaktion auf den Wohnblock in Rotmonten hat mich dort \u00fcberw\u00e4ltigt und uns &#8211; alle Beteiligten &#8211; riiesig gefreut.<\/p>\n<p><strong>Ich bin die Leila Bock <\/strong><\/p>\n<p>Und ich mache das alles mit der K\u00fcnstlerin Anita Zimmermann zusammen. Wir beide sind ein eigespieltes Team.\u00a0Anita ist die K\u00fcnstlerin und ich bin die Kuratorin.<\/p>\n<p>DIESEN Geilen Block hier, habe ich von den Archplan-Architekten in St.Gallen erhalten, weil ich in Rotmonten damals gesagt habe: &#8230;und wenn sie auch noch einen leerstehenden Geilen Block besitzen, dann sagen sie das der Leila. Darauf hat sich Sepp Th\u00fcrlemann von Archplan bei mir gemeldet. Und diese H\u00fctte hier, ist noch viel GEILER wie der erste Wohnblock! Weil es diesmal Hallen sind. Seit einem Jahr arbeite ich schon hier im Haus an grossformatigen Zeichnungen. Ein grosses Atelier zur Verf\u00fcgung haben, ist vielleicht die gr\u00f6sste Kunstf\u00f6rderung die es gibt. Mir jedenfalls &#8211; hat es den Geist gross gemacht.<\/p>\n<p>Unl\u00e4ngst habe ich vor 3 Monaten im Brockenhaus 6 Barst\u00fchle gefunden. Ganz schr\u00e4ge, violette M\u00f6bel &#8211; sie sehen sie oben an der Bar. Wegen diesen St\u00fchlen sind WIR hier. Sie haben mir gefallen und ich wollte ihnen wieder zu einem guten Standort verhelfen. Freunde habe ich angefragt, ob sie einen Platz h\u00e4tten &#8211; aber niemand hat sich gemeldet&#8230;.<\/p>\n<p>UND dann hat sich die Leila Bock entschieden; hier einen geilen Block zu machen &#8211; MIT DIESEN ST\u00dcHLEN und Anita Zimmermann hat die Bar daf\u00fcr gebaut.\u00a0Die Leila hat 30 K\u00fcnstler eingeladen. Die Auswahl ist viel Inhaltlicher, als man auf den ersten Moment denkt. Es ist n\u00e4mlich eine Herzauswahl. Eine sch\u00f6ne Liste habe ich f\u00fcr euch zusammengestellt.<\/p>\n<p>Jeder Kunstschaffende arbeitet in seiner spannenden Welt und hier sind 30 verschiedene Welten zusammen auf sehr viel Platz. Es ist nicht eine Gruppenausstellung, sondern es sind 30 Einzelausstellungen unter einem Dach.<\/p>\n<p>&gt;&gt;Und ich m\u00f6chte grad allen danken, die mit mir das Haus bespielen.&lt;&lt;<\/p>\n<p>Es war eine sehr sch\u00f6ne Zeit jetzt w\u00e4hrend dem Aufbau. Es wurde viel Ausgetauscht. Und nicht nur H\u00e4mmer, Zangen und N\u00e4gel, sondern auch viel Subjektives. Es war absolut spannend wie alle Welten sich hier eingenistet haben. So k\u00f6nnte es immer sein. Ich finde diese Art von Kunst, so wie sie frisch entsteht &#8211; in der eigenen Gegend etwas Wunderbares. F\u00fcr mich ist sie wie ein Spiel. Selten findet sie so statt. Dieses Verspielte tut einer Gegend gut und der geile Block soll ein gutes Beispiel sein f\u00fcr eine lebendige Kunstszene. Manchmal ist Kunst viel zu weit von den Leuten weg.<\/p>\n<p>Ich k\u00f6nnte noch viel mehr Welten zeigen, K\u00fcnstler haben wir genug. Und auch wenn ich finde &#8211; ich habe hier die Besten &#8211; es ist meine und genau diese Auswahl.\u00a0Also &#8211; wenn sie auch noch einen leeren Block zu Hause haben, mache ich das gern ein drittes Mal.<\/p>\n<p>jeder K\u00fcnstler ist anders &#8211; aber jeder verf\u00fcgt \u00fcber viel Besonderheit &#8211; \u00fcber sehr viel Kraft in sich &#8211; mit seiner Arbeit. Ein K\u00fcnstler ist nicht nur ein Interpret oder Techniker sondern auch der Ingenieur, Architekt und Autor seiner Idee. Das sind reiche Welten &#8211; f\u00fcr Trogen &#8211; und f\u00fcr die Gegend &#8211; und f\u00fcr die Welt.<\/p>\n<p>Dazu braucht es Ausstellungsfl\u00e4chen, so wie es f\u00fcr-die-Schwimmer Schwimmbecken braucht und f\u00fcr-die-Fussballer &#8211; Fussballfelder. Das heisst &#8211; f\u00fcr K\u00fcnstler gibt es nie genug Ausstellungsfl\u00e4chen, Auftritte und Auftr\u00e4ge. Sie sind wichtig zum wachsen. Das braucht es alles, damit diese Welten nicht nur vor sich hin d\u00fcmpeln. Die Kunst ist wichtig zur Auflockerung von allem Geordneten.<\/p>\n<p><strong>KUNST IST WICHTIG <\/strong><\/p>\n<p>Und wichtig ist auch, dass wir stolz sind auf unsere K\u00fcnstler. Oder erstmal, dass wir \u00fcberhaupt K\u00fcnstler in der Gegend haben hier bleiben und hier leben &#8211; also m\u00fcssen wir schauen dass sie gut leben k\u00f6nnen. Auftr\u00e4ge riskieren &#8211; weil: Kunst ist ein Beruf und dessen fehlende Einsch\u00e4tzbarkeit \u00f6ffnet oft festgefahrene Sichtweisen, wie eine Medizin. Etwas mehr Mut und bizzeli mehr Risiko &#8211; steht gerne gegen\u00fcber dem Einsch\u00e4tzbaren.<\/p>\n<p>Die Ostschweiz hat keine Hochschule f\u00fcr Kunst, so dass junge Menschen oft fortgehen wenn sie ein gestalterisches Talent entdecken.\u00a0Ich schaffe immer wieder Plattformen um das Selbstbewusstsein zu st\u00e4rken und es ist Wichtig dass wir K\u00fcnstler selber aktiv werden. Somit geh\u00f6rt die Leila Bock eigentlich allen K\u00fcnstlern.<\/p>\n<p>Wir leben in der Ostschweiz am Rand eines Landes und brauchen auf jeden Fall mehr Wirbel (unseren Wirbel) und mehr Selbstvertrauen. Kunst ist wichtig und tut gut. Allem Wirtschaftlichen und Berechenbaren gegen\u00fcber. Kunst soll auftreten k\u00f6nnen. Gute und schlechte. Vom Einsch\u00e4tzbaren haben wir genug.<\/p>\n<p>Das ganze Projekt hat von der ersten Pr\u00e4senz viel gelernt. Dieses Mal findet es auf dem Land statt und da sind die M\u00f6glichkeiten viel geordneter. Dabei entdecke ich, dass ich meinem Geist viel Freiheit erlaube, mich das Geordnete aber sehr anzieht. Und dass ich ohne diese Ordnung, ich nenne dieses Eingeschr\u00e4nkte nun Ordnung &#8211; dass ich ohne diese Ordnung die Freiheit nicht finden k\u00f6nnte. Eine sch\u00f6ne Kombination. Dieses Frei sein, das w\u00fcnsche ich aber Allen. St.Gallen der Stadt wo ich lebe, dem Dorf hier wo der Block stattfindet. Und allen, die sich sehr an Ordnung orientieren. Mehr Wirbel und mehr Freudenspr\u00fcnge.<\/p>\n<p>Die Leila Bock hat ihren Namen wegen genau diesen Grenzen. Dieses Bockig sein ist eine gute Energie. Es ist konstruktiver Widerstand. Eine wichtige Energie. &#8230;und erst dieses L.E.I.L.A.<\/p>\n<p><strong>Schn\u00f6rkeltexte auf der B\u00fchne<\/strong><\/p>\n<p>Sie finden eine Liste mit den K\u00fcnstlern beim Eingang, wenn sie durchs Haus gehen stehen die Namen an den Werken, und die K\u00fcnstler sind auch da. Sie k\u00f6nnen alle Fragen.<\/p>\n<p>Ich habe ein ganz sch\u00f6nes Begleitprogramm zusammengestellt und Freunde von K\u00fcnstlern eingeladen, einen Schn\u00f6rkeltext zu schreiben. Etwas das schon lange in ihren Hirnwindungen liegt, aber noch nie Platz hatte in einer Rede &#8211; und wichtig oder unwichtig genug ist, um unter die Leute gebracht zu werden&#8230;.<br \/>Einen Schn\u00f6rkeltext schreiben &#8211; und ihn vortragen. Ich habe korif\u00e4re Leute aus der Kunst- und Kulturszene angefragt dass sie einen Schn\u00f6rkel bringen. Sie sehen nebenan im Eingangsraum und auf der Website &gt;geilerblock.ch &#8211; das genaue Programm. Immer am Sonntag um 17.00 und am Freitag um 20.00h. W\u00e4hlen sie einen Schn\u00f6rkeltext und ich freue mich, wenn sie alle wieder mit uns da sind.<\/p>\n<p>Das Wort Geil hat nun nichts Anr\u00fcchiges mehr! Ich benutze das Wort nun t\u00e4glich f\u00fcr alles was besser ist als das Gew\u00f6hnliche. Eigentlich gibt es kein besseres Wort daf\u00fcr. Und sch\u00e4men wir uns nicht, wenn die anderen das Wort noch falsch verstehen. Sollen sie doch denken, dass es etwas mit Sex zu tun hat. Es meint noch etwas viiiel Besseres!<\/p>\n<p>Die Ausstellung ist \u00fcber 3 Wochenenden immer Freitag &#8211; Samstag und Sonntag offen.<\/p>\n<p><strong>An der Bar<\/strong><\/p>\n<p>An der Bar gibt es jeden Samstag Musik &#8211; heute von Veronika Schumacher, n\u00e4chste Woche von Sebastian Sieber und am letzten Wochenende von Germann\/Lorenzi, sie sind alle K\u00fcnstlerinnen und K\u00fcnstler und legen auf so wie sie Zeichnen oder malen. Und zwischendrin gibt es Playlists.<\/p>\n<p>Planen sie in diesen 3 Wochen immer wieder eine R\u00fcckkehr im Block ein. Es ist sch\u00f6n hier und m\u00f6chte eine Plattform f\u00fcr Begegnung sein. Wie ein Wellness-Programm. Schn\u00f6rkel-Wellness. Es wird ihnen guttun, und uns allen tut es gut wenn SIE hier sind. Ein typisches Win Win. Am Sonntagmorgen gibt es frischen Zopf und frischgekochte Eier, warme Gonfi, Milchkaffee und auf den Aussenpl\u00e4tzen &#8218;Sekt am Nachmittag&#8216;.<\/p>\n<p>Machen sie Werbung und &#8211; reden sie in der Stadt und im Dorf von der Leila Bock und vom Geilen Block &#8211; und vom Geilen Bock und von den 30 Einzelausstellungen und ihren Erlebnissen hier, damit alle gerne zu uns kommen und alles selber sehen m\u00f6chten. Das haben alle verdient.<\/p>\n<p>Heute gibt es einen Sponsorendrink an der Bar oben, der ist sehr teuer! Ein Glas kostet zwischen 10.- Fr. und 200.- Franken, &#8211; trinken sie davon soviel sie wollen, bis die Sinne schweben. Er m\u00f6chte die Kasse f\u00fcllen. Rene H\u00e4nni hat ihn extra f\u00fcr uns kreiert, der Sponsorendrink heisst &#8222;Geiler Bock&#8220;.<\/p>\n<p>und jetzt gibt es etwas Sekt hier unten &#8211; stossen sie mit uns auf den Geilen Block an.<\/p>\n<p>Wir und sie alle.<\/p>\n<p>Sch\u00f6n dass sie alle da sind.<\/p>\n<p>Herzlich willkommen!<\/p>\n<\/div>\n<\/div>\n<\/div>\n<\/div>\n<\/div>\n<\/div>\n<p>[\/et_pb_text][\/et_pb_column][\/et_pb_row][\/et_pb_section][et_pb_section fb_built=&#8220;1&#8243; admin_label=&#8220;Blog Section&#8220; _builder_version=&#8220;4.16&#8243; global_colors_info=&#8220;{}&#8220;][et_pb_row admin_label=&#8220;Blog Area&#8220; _builder_version=&#8220;4.17.4&#8243; use_custom_width=&#8220;on&#8220; width_unit=&#8220;off&#8220; global_colors_info=&#8220;{}&#8220;][et_pb_column type=&#8220;4_4&#8243; _builder_version=&#8220;4.16&#8243; custom_padding=&#8220;|||&#8220; global_colors_info=&#8220;{}&#8220; custom_padding__hover=&#8220;|||&#8220;][et_pb_text admin_label=&#8220;Titel Kunstschaffende&#8220; _builder_version=&#8220;4.17.4&#8243; global_colors_info=&#8220;{}&#8220;]<\/p>\n<h2>Beteiligte<\/h2>\n<p>[\/et_pb_text][\/et_pb_column][\/et_pb_row][et_pb_row column_structure=&#8220;1_3,1_3,1_3&#8243; _builder_version=&#8220;4.16&#8243; global_colors_info=&#8220;{}&#8220;][et_pb_column type=&#8220;1_3&#8243; _builder_version=&#8220;4.16&#8243; custom_padding=&#8220;|||&#8220; global_colors_info=&#8220;{}&#8220; custom_padding__hover=&#8220;|||&#8220;][et_pb_text admin_label=&#8220;Titel Kunstschaffende&#8220; _builder_version=&#8220;4.17.4&#8243; global_colors_info=&#8220;{}&#8220;]<\/p>\n<h3>Kunstschaffende<\/h3>\n<p>[\/et_pb_text][et_pb_text _builder_version=&#8220;4.16&#8243; global_colors_info=&#8220;{}&#8220;]<\/p>\n<div class=\"et_pb_column et_pb_column_4_4 et_pb_column_0 et_pb_css_mix_blend_mode_passthrough et-last-child\">\n<div class=\"et_pb_module et_pb_text et_pb_text_0 et_animated et_pb_bg_layout_light et_pb_text_align_left fade\">\n<div class=\"et_pb_text_inner\">\n<p>Felix Baudenbacher<br \/>Werner Widmer<br \/>Beni Bischof<br \/>Karin Karinna B\u00fchler<br \/>Katalin Deer<br \/>Othmar Eder<br \/>H.R. Fricker<br \/>Elke Graalfs<br \/>Germann\/Lorenzi<br \/>Stefan Gort<br \/>Andy Guhl<br \/>Susanne Hofer<br \/>Ruth Hommelsheim<br \/>Christian H\u00f6rler<br \/>Lutz\/Guggisberg<br \/>Josef Felix M\u00fcller<br \/>Elisabeth Nembrini<br \/>Marianne Rinderknecht<br \/>Stefan Rohner<br \/>Beate Rudolph<br \/>Veronika Schumacher<br \/>Hans Schweizer<br \/>Sebastian Sieber<br \/>Francisco Sierra<br \/>Thomas St\u00fcssi<br \/>Olga Titus<br \/>Andrea Vogel<br \/>Birgit Widmer<br \/>Anita Zimmermann<br \/>Agatha Zobrist<\/p>\n<\/div>\n<\/div>\n<\/div>\n<p>[\/et_pb_text][\/et_pb_column][et_pb_column type=&#8220;1_3&#8243; _builder_version=&#8220;4.16&#8243; custom_padding=&#8220;|||&#8220; global_colors_info=&#8220;{}&#8220; custom_padding__hover=&#8220;|||&#8220;][\/et_pb_column][et_pb_column type=&#8220;1_3&#8243; _builder_version=&#8220;4.16&#8243; custom_padding=&#8220;|||&#8220; global_colors_info=&#8220;{}&#8220; custom_padding__hover=&#8220;|||&#8220;][et_pb_text admin_label=&#8220;Titel Schn\u00f6rkelvortragende&#8220; _builder_version=&#8220;4.16&#8243; global_colors_info=&#8220;{}&#8220;]<\/p>\n<h3><span>Schn\u00f6rkelvortragende<\/span><\/h3>\n<p>[\/et_pb_text][et_pb_text _builder_version=&#8220;4.16&#8243; global_colors_info=&#8220;{}&#8220;]<\/p>\n<p>Marin Sch\u00fctz<br \/>Ursula Badrutt<br \/> Corinne Schatz<br \/> Lorenzo Benedetti<br \/> Jordanis Theodoridis<br \/> Hanspeter Sp\u00f6rry<br \/> Agatha Nisple<br \/> Margrit B\u00fcrer<br \/> Isabelle Chappuis<br \/> Josef Felix M\u00fcller<br \/> Roland W\u00e4spe<br \/> Marcel Elsener<br \/> Nadia Veronese<br \/> Ueli Vogt<br \/> Kristin Schmidt \u00a0<\/p>\n<p>&nbsp;<\/p>\n<p>[\/et_pb_text][\/et_pb_column][\/et_pb_row][\/et_pb_section][et_pb_section fb_built=&#8220;1&#8243; _builder_version=&#8220;4.16&#8243; custom_padding=&#8220;||||false|false&#8220; global_colors_info=&#8220;{}&#8220;][et_pb_row module_class=&#8220; et_pb_row_fullwidth&#8220; _builder_version=&#8220;4.16&#8243; background_color=&#8220;#ffffff&#8220; width_tablet=&#8220;80%&#8220; width_phone=&#8220;&#8220; width_last_edited=&#8220;on|desktop&#8220; max_width=&#8220;89%&#8220; max_width_tablet=&#8220;80%&#8220; max_width_phone=&#8220;&#8220; max_width_last_edited=&#8220;on|desktop&#8220; make_fullwidth=&#8220;on&#8220; global_colors_info=&#8220;{}&#8220;][et_pb_column type=&#8220;4_4&#8243; _builder_version=&#8220;4.16&#8243; custom_padding=&#8220;|||&#8220; global_colors_info=&#8220;{}&#8220; custom_padding__hover=&#8220;|||&#8220;][et_pb_gallery gallery_ids=&#8220;390,389,388,387,386,385,384,383,382,381,380,379,378,377,375,374,373,372,371,370,368,369,366,367,364,362,363,361,360,359,358,357,356,355,354,353,351,352,350,349,347,348,346,345,344,343,337,336,335,333,332,331,330,329,328,327,326,325,324,323,322,321,320,319,318,317,316,315,314,313,312,311,310,309,308,307,306,305,304,303,302,301,300,299,298,297,296,295,294,293,292,291,290,289,288,287,398,399,400,401,402,403,404,405,406,407,408,409,410,411,412,413,414,415,416,420,421,422,423,424,425,426,427,428,430,431,432,433,434,435,436,437,438,439,440,441,442,443,444,445,446,447,448&#8243; _builder_version=&#8220;4.17.4&#8243; global_colors_info=&#8220;{}&#8220; posts_number=&#8220;100&#8243; hover_enabled=&#8220;0&#8243; sticky_enabled=&#8220;0&#8243;][\/et_pb_gallery][\/et_pb_column][\/et_pb_row][\/et_pb_section]<\/p>\n","protected":false},"excerpt":{"rendered":"<p>GEILER BLOCK TROGEN2017 Ich freue mich, euch alle hier begr\u00fcssen zu d\u00fcrfen.Ich sehe, dass sie Alle wieder da sind.Herzlich willkommen im zweiten Geilen Block &#8211; der erste hat vor genau zwei Jahren &#8211; stattgefunden und einen riesigen Erfolg gefeiert. Es war das richtige zur richtigen Zeit. Und alle sind gekommen um zu schauen. die Leila [&hellip;]<\/p>\n","protected":false},"author":1,"featured_media":0,"parent":0,"menu_order":0,"comment_status":"closed","ping_status":"closed","template":"","meta":{"_et_pb_use_builder":"on","_et_pb_old_content":"","_et_gb_content_width":"","footnotes":""},"class_list":["post-244","page","type-page","status-publish","hentry"],"yoast_head":"<!-- This site is optimized with the Yoast SEO plugin v27.4 - https:\/\/yoast.com\/product\/yoast-seo-wordpress\/ -->\n<title>Geiler Block Trogen &#8211; Leila Bocks Projekte<\/title>\n<meta name=\"robots\" content=\"index, follow, max-snippet:-1, max-image-preview:large, max-video-preview:-1\" \/>\n<link rel=\"canonical\" href=\"https:\/\/leilabock.ch\/index.php\/geiler-block-trogen\/\" \/>\n<meta property=\"og:locale\" content=\"de_DE\" \/>\n<meta property=\"og:type\" content=\"article\" \/>\n<meta property=\"og:title\" content=\"Geiler Block Trogen &#8211; Leila Bocks Projekte\" \/>\n<meta property=\"og:description\" content=\"GEILER BLOCK TROGEN2017 Ich freue mich, euch alle hier begr\u00fcssen zu d\u00fcrfen.Ich sehe, dass sie Alle wieder da sind.Herzlich willkommen im zweiten Geilen Block - der erste hat vor genau zwei Jahren - stattgefunden und einen riesigen Erfolg gefeiert. Es war das richtige zur richtigen Zeit. Und alle sind gekommen um zu schauen. die Leila [&hellip;]\" \/>\n<meta property=\"og:url\" content=\"https:\/\/leilabock.ch\/index.php\/geiler-block-trogen\/\" \/>\n<meta property=\"og:site_name\" content=\"Leila Bocks Projekte\" \/>\n<meta property=\"article:modified_time\" content=\"2022-06-02T08:53:30+00:00\" \/>\n<meta name=\"twitter:card\" content=\"summary_large_image\" \/>\n<meta name=\"twitter:label1\" content=\"Gesch\u00e4tzte Lesezeit\" \/>\n\t<meta name=\"twitter:data1\" content=\"10\u00a0Minuten\" \/>\n<script type=\"application\/ld+json\" class=\"yoast-schema-graph\">{\"@context\":\"https:\\\/\\\/schema.org\",\"@graph\":[{\"@type\":\"WebPage\",\"@id\":\"https:\\\/\\\/leilabock.ch\\\/index.php\\\/geiler-block-trogen\\\/\",\"url\":\"https:\\\/\\\/leilabock.ch\\\/index.php\\\/geiler-block-trogen\\\/\",\"name\":\"Geiler Block Trogen &#8211; Leila Bocks Projekte\",\"isPartOf\":{\"@id\":\"https:\\\/\\\/leilabock.ch\\\/#website\"},\"datePublished\":\"2018-08-10T12:11:19+00:00\",\"dateModified\":\"2022-06-02T08:53:30+00:00\",\"breadcrumb\":{\"@id\":\"https:\\\/\\\/leilabock.ch\\\/index.php\\\/geiler-block-trogen\\\/#breadcrumb\"},\"inLanguage\":\"de\",\"potentialAction\":[{\"@type\":\"ReadAction\",\"target\":[\"https:\\\/\\\/leilabock.ch\\\/index.php\\\/geiler-block-trogen\\\/\"]}]},{\"@type\":\"BreadcrumbList\",\"@id\":\"https:\\\/\\\/leilabock.ch\\\/index.php\\\/geiler-block-trogen\\\/#breadcrumb\",\"itemListElement\":[{\"@type\":\"ListItem\",\"position\":1,\"name\":\"Startseite\",\"item\":\"https:\\\/\\\/leilabock.ch\\\/\"},{\"@type\":\"ListItem\",\"position\":2,\"name\":\"Geiler Block Trogen\"}]},{\"@type\":\"WebSite\",\"@id\":\"https:\\\/\\\/leilabock.ch\\\/#website\",\"url\":\"https:\\\/\\\/leilabock.ch\\\/\",\"name\":\"Leila Bocks Projekte\",\"description\":\"\",\"publisher\":{\"@id\":\"https:\\\/\\\/leilabock.ch\\\/#\\\/schema\\\/person\\\/114aad5f412545ab9aa63d24413b0250\"},\"potentialAction\":[{\"@type\":\"SearchAction\",\"target\":{\"@type\":\"EntryPoint\",\"urlTemplate\":\"https:\\\/\\\/leilabock.ch\\\/?s={search_term_string}\"},\"query-input\":{\"@type\":\"PropertyValueSpecification\",\"valueRequired\":true,\"valueName\":\"search_term_string\"}}],\"inLanguage\":\"de\"},{\"@type\":[\"Person\",\"Organization\"],\"@id\":\"https:\\\/\\\/leilabock.ch\\\/#\\\/schema\\\/person\\\/114aad5f412545ab9aa63d24413b0250\",\"name\":\"Anita Zimmermann\",\"logo\":{\"@id\":\"https:\\\/\\\/leilabock.ch\\\/#\\\/schema\\\/person\\\/image\\\/\"},\"sameAs\":[\"http:\\\/\\\/leilabock.ch\"]}]}<\/script>\n<!-- \/ Yoast SEO plugin. -->","yoast_head_json":{"title":"Geiler Block Trogen &#8211; Leila Bocks Projekte","robots":{"index":"index","follow":"follow","max-snippet":"max-snippet:-1","max-image-preview":"max-image-preview:large","max-video-preview":"max-video-preview:-1"},"canonical":"https:\/\/leilabock.ch\/index.php\/geiler-block-trogen\/","og_locale":"de_DE","og_type":"article","og_title":"Geiler Block Trogen &#8211; Leila Bocks Projekte","og_description":"GEILER BLOCK TROGEN2017 Ich freue mich, euch alle hier begr\u00fcssen zu d\u00fcrfen.Ich sehe, dass sie Alle wieder da sind.Herzlich willkommen im zweiten Geilen Block - der erste hat vor genau zwei Jahren - stattgefunden und einen riesigen Erfolg gefeiert. Es war das richtige zur richtigen Zeit. Und alle sind gekommen um zu schauen. die Leila [&hellip;]","og_url":"https:\/\/leilabock.ch\/index.php\/geiler-block-trogen\/","og_site_name":"Leila Bocks Projekte","article_modified_time":"2022-06-02T08:53:30+00:00","twitter_card":"summary_large_image","twitter_misc":{"Gesch\u00e4tzte Lesezeit":"10\u00a0Minuten"},"schema":{"@context":"https:\/\/schema.org","@graph":[{"@type":"WebPage","@id":"https:\/\/leilabock.ch\/index.php\/geiler-block-trogen\/","url":"https:\/\/leilabock.ch\/index.php\/geiler-block-trogen\/","name":"Geiler Block Trogen &#8211; Leila Bocks Projekte","isPartOf":{"@id":"https:\/\/leilabock.ch\/#website"},"datePublished":"2018-08-10T12:11:19+00:00","dateModified":"2022-06-02T08:53:30+00:00","breadcrumb":{"@id":"https:\/\/leilabock.ch\/index.php\/geiler-block-trogen\/#breadcrumb"},"inLanguage":"de","potentialAction":[{"@type":"ReadAction","target":["https:\/\/leilabock.ch\/index.php\/geiler-block-trogen\/"]}]},{"@type":"BreadcrumbList","@id":"https:\/\/leilabock.ch\/index.php\/geiler-block-trogen\/#breadcrumb","itemListElement":[{"@type":"ListItem","position":1,"name":"Startseite","item":"https:\/\/leilabock.ch\/"},{"@type":"ListItem","position":2,"name":"Geiler Block Trogen"}]},{"@type":"WebSite","@id":"https:\/\/leilabock.ch\/#website","url":"https:\/\/leilabock.ch\/","name":"Leila Bocks Projekte","description":"","publisher":{"@id":"https:\/\/leilabock.ch\/#\/schema\/person\/114aad5f412545ab9aa63d24413b0250"},"potentialAction":[{"@type":"SearchAction","target":{"@type":"EntryPoint","urlTemplate":"https:\/\/leilabock.ch\/?s={search_term_string}"},"query-input":{"@type":"PropertyValueSpecification","valueRequired":true,"valueName":"search_term_string"}}],"inLanguage":"de"},{"@type":["Person","Organization"],"@id":"https:\/\/leilabock.ch\/#\/schema\/person\/114aad5f412545ab9aa63d24413b0250","name":"Anita Zimmermann","logo":{"@id":"https:\/\/leilabock.ch\/#\/schema\/person\/image\/"},"sameAs":["http:\/\/leilabock.ch"]}]}},"_links":{"self":[{"href":"https:\/\/leilabock.ch\/index.php\/wp-json\/wp\/v2\/pages\/244","targetHints":{"allow":["GET"]}}],"collection":[{"href":"https:\/\/leilabock.ch\/index.php\/wp-json\/wp\/v2\/pages"}],"about":[{"href":"https:\/\/leilabock.ch\/index.php\/wp-json\/wp\/v2\/types\/page"}],"author":[{"embeddable":true,"href":"https:\/\/leilabock.ch\/index.php\/wp-json\/wp\/v2\/users\/1"}],"replies":[{"embeddable":true,"href":"https:\/\/leilabock.ch\/index.php\/wp-json\/wp\/v2\/comments?post=244"}],"version-history":[{"count":84,"href":"https:\/\/leilabock.ch\/index.php\/wp-json\/wp\/v2\/pages\/244\/revisions"}],"predecessor-version":[{"id":4365,"href":"https:\/\/leilabock.ch\/index.php\/wp-json\/wp\/v2\/pages\/244\/revisions\/4365"}],"wp:attachment":[{"href":"https:\/\/leilabock.ch\/index.php\/wp-json\/wp\/v2\/media?parent=244"}],"curies":[{"name":"wp","href":"https:\/\/api.w.org\/{rel}","templated":true}]}}